{"id":715,"date":"2019-03-28T09:30:55","date_gmt":"2019-03-28T09:30:55","guid":{"rendered":"http:\/\/marktsoft.hu\/?page_id=715"},"modified":"2019-03-28T09:32:17","modified_gmt":"2019-03-28T09:32:17","slug":"impressum","status":"publish","type":"page","link":"https:\/\/marktsoft.hu\/en\/impressum\/","title":{"rendered":"Impressum"},"content":{"rendered":"\t\t<div data-elementor-type=\"wp-post\" data-elementor-id=\"715\" class=\"elementor elementor-715 elementor-608\" data-elementor-post-type=\"page\">\n\t\t\t\t\t\t<section class=\"elementor-section elementor-top-section elementor-element elementor-element-98cc6f6 elementor-section-stretched elementor-section-boxed elementor-section-height-default elementor-section-height-default\" data-id=\"98cc6f6\" data-element_type=\"section\" data-settings=\"{&quot;stretch_section&quot;:&quot;section-stretched&quot;,&quot;background_background&quot;:&quot;classic&quot;}\">\n\t\t\t\t\t\t\t<div class=\"elementor-background-overlay\"><\/div>\n\t\t\t\t\t\t\t<div class=\"elementor-container elementor-column-gap-default\">\n\t\t\t\t\t<div class=\"elementor-column elementor-col-100 elementor-top-column elementor-element elementor-element-7502659\" data-id=\"7502659\" data-element_type=\"column\">\n\t\t\t<div class=\"elementor-widget-wrap elementor-element-populated\">\n\t\t\t\t\t\t<div class=\"elementor-element elementor-element-7cb4932 elementor-widget elementor-widget-heading\" data-id=\"7cb4932\" data-element_type=\"widget\" data-widget_type=\"heading.default\">\n\t\t\t\t<div class=\"elementor-widget-container\">\n\t\t\t\t\t<h2 class=\"elementor-heading-title elementor-size-default\">Impressum<\/h2>\t\t\t\t<\/div>\n\t\t\t\t<\/div>\n\t\t\t\t\t<\/div>\n\t\t<\/div>\n\t\t\t\t\t<\/div>\n\t\t<\/section>\n\t\t\t\t<section class=\"elementor-section elementor-top-section elementor-element elementor-element-1518ccb6 elementor-section-stretched elementor-section-boxed elementor-section-height-default elementor-section-height-default\" data-id=\"1518ccb6\" data-element_type=\"section\" data-settings=\"{&quot;stretch_section&quot;:&quot;section-stretched&quot;,&quot;background_background&quot;:&quot;classic&quot;}\">\n\t\t\t\t\t\t<div class=\"elementor-container elementor-column-gap-default\">\n\t\t\t\t\t<div class=\"elementor-column elementor-col-100 elementor-top-column elementor-element elementor-element-667bc6bc\" data-id=\"667bc6bc\" data-element_type=\"column\">\n\t\t\t<div class=\"elementor-widget-wrap elementor-element-populated\">\n\t\t\t\t\t\t<div class=\"elementor-element elementor-element-29b787a1 elementor-widget elementor-widget-text-editor\" data-id=\"29b787a1\" data-element_type=\"widget\" data-widget_type=\"text-editor.default\">\n\t\t\t\t<div class=\"elementor-widget-container\">\n\t\t\t\t\t\t\t\t\t\n<h2 class=\"wp-block-heading\">Marktsoft Kft.<\/h2>\n\n<p><strong>Address:<\/strong>\u00a0D\u00e9lbuda Center, Feh\u00e9rv\u00e1ri Street 79. Building B, Budapest, H-1119\u200b<\/p>\n\n<p><strong>Telefon:<\/strong>\u00a0+36-1-463-0700<\/p>\n\n<p><strong>Fax:<\/strong>\u00a0+36-1-463-0701<\/p>\n\n<p><strong>Registration number:<\/strong>\u00a001-09-901333<\/p>\n\n<p><strong>Ust.-IdNr.:<\/strong>\u00a0HU14379790<\/p>\n\t\t\t\t\t\t\t\t<\/div>\n\t\t\t\t<\/div>\n\t\t\t\t\t<\/div>\n\t\t<\/div>\n\t\t\t\t\t<\/div>\n\t\t<\/section>\n\t\t\t\t<\/div>\n\t\t","protected":false},"excerpt":{"rendered":"<p>Impressum Marktsoft Kft. Address:\u00a0D\u00e9lbuda Center, Feh\u00e9rv\u00e1ri Street 79. Building B, Budapest, H-1119\u200b Telefon:\u00a0+36-1-463-0700 Fax:\u00a0+36-1-463-0701 Registration number:\u00a001-09-901333 Ust.-IdNr.:\u00a0HU14379790<\/p>\n","protected":false},"author":2,"featured_media":0,"parent":0,"menu_order":0,"comment_status":"closed","ping_status":"closed","template":"elementor_header_footer","meta":{"footnotes":""},"class_list":["post-715","page","type-page","status-publish","hentry"],"yoast_head":"<!-- This site is optimized with the Yoast SEO Premium plugin v25.3.1 (Yoast SEO v25.4) - https:\/\/yoast.com\/wordpress\/plugins\/seo\/ -->\n<title>Impressum - Marktsoft<\/title>\n<meta name=\"robots\" content=\"index, follow, max-snippet:-1, max-image-preview:large, max-video-preview:-1\" \/>\n<link rel=\"canonical\" href=\"https:\/\/marktsoft.hu\/en\/impressum\/\" \/>\n<meta property=\"og:locale\" content=\"en_US\" \/>\n<meta property=\"og:type\" content=\"article\" \/>\n<meta property=\"og:title\" content=\"Impressum\" \/>\n<meta property=\"og:description\" content=\"Impressum Marktsoft Kft. Address:\u00a0D\u00e9lbuda Center, Feh\u00e9rv\u00e1ri Street 79. Building B, Budapest, H-1119\u200b Telefon:\u00a0+36-1-463-0700 Fax:\u00a0+36-1-463-0701 Registration number:\u00a001-09-901333 Ust.-IdNr.:\u00a0HU14379790\" \/>\n<meta property=\"og:url\" content=\"https:\/\/marktsoft.hu\/en\/impressum\/\" \/>\n<meta property=\"og:site_name\" content=\"Marktsoft\" \/>\n<meta property=\"article:publisher\" content=\"https:\/\/www.facebook.com\/marktsoft\" \/>\n<meta property=\"article:modified_time\" content=\"2019-03-28T09:32:17+00:00\" \/>\n<meta name=\"twitter:card\" content=\"summary_large_image\" \/>\n<script type=\"application\/ld+json\" class=\"yoast-schema-graph\">{\"@context\":\"https:\/\/schema.org\",\"@graph\":[{\"@type\":\"WebPage\",\"@id\":\"https:\/\/marktsoft.hu\/en\/impressum\/\",\"url\":\"https:\/\/marktsoft.hu\/en\/impressum\/\",\"name\":\"Impressum - Marktsoft\",\"isPartOf\":{\"@id\":\"https:\/\/marktsoft.hu\/#website\"},\"datePublished\":\"2019-03-28T09:30:55+00:00\",\"dateModified\":\"2019-03-28T09:32:17+00:00\",\"breadcrumb\":{\"@id\":\"https:\/\/marktsoft.hu\/en\/impressum\/#breadcrumb\"},\"inLanguage\":\"en-US\",\"potentialAction\":[{\"@type\":\"ReadAction\",\"target\":[\"https:\/\/marktsoft.hu\/en\/impressum\/\"]}]},{\"@type\":\"BreadcrumbList\",\"@id\":\"https:\/\/marktsoft.hu\/en\/impressum\/#breadcrumb\",\"itemListElement\":[{\"@type\":\"ListItem\",\"position\":1,\"name\":\"Kezd\u0151lap\",\"item\":\"https:\/\/marktsoft.hu\/en\/\"},{\"@type\":\"ListItem\",\"position\":2,\"name\":\"Impressum\"}]},{\"@type\":\"WebSite\",\"@id\":\"https:\/\/marktsoft.hu\/#website\",\"url\":\"https:\/\/marktsoft.hu\/\",\"name\":\"Marktsoft\",\"description\":\"Teljesk\u00f6r\u0171 szoftvermegold\u00e1sok a tervez\u00e9st\u0151l az \u00fczemeltet\u00e9sig\",\"publisher\":{\"@id\":\"https:\/\/marktsoft.hu\/#organization\"},\"potentialAction\":[{\"@type\":\"SearchAction\",\"target\":{\"@type\":\"EntryPoint\",\"urlTemplate\":\"https:\/\/marktsoft.hu\/?s={search_term_string}\"},\"query-input\":{\"@type\":\"PropertyValueSpecification\",\"valueRequired\":true,\"valueName\":\"search_term_string\"}}],\"inLanguage\":\"en-US\"},{\"@type\":\"Organization\",\"@id\":\"https:\/\/marktsoft.hu\/#organization\",\"name\":\"Marktsoft\",\"url\":\"https:\/\/marktsoft.hu\/\",\"logo\":{\"@type\":\"ImageObject\",\"inLanguage\":\"en-US\",\"@id\":\"https:\/\/marktsoft.hu\/#\/schema\/logo\/image\/\",\"url\":\"https:\/\/marktsoft.hu\/wp-content\/uploads\/2022\/03\/cropped-marktsoft-logo-group-rgb-300.png\",\"contentUrl\":\"https:\/\/marktsoft.hu\/wp-content\/uploads\/2022\/03\/cropped-marktsoft-logo-group-rgb-300.png\",\"width\":1013,\"height\":250,\"caption\":\"Marktsoft\"},\"image\":{\"@id\":\"https:\/\/marktsoft.hu\/#\/schema\/logo\/image\/\"},\"sameAs\":[\"https:\/\/www.facebook.com\/marktsoft\",\"https:\/\/www.linkedin.com\/company\/12652419\/\"]}]}<\/script>\n<!-- \/ Yoast SEO Premium plugin. -->","yoast_head_json":{"title":"Impressum - Marktsoft","robots":{"index":"index","follow":"follow","max-snippet":"max-snippet:-1","max-image-preview":"max-image-preview:large","max-video-preview":"max-video-preview:-1"},"canonical":"https:\/\/marktsoft.hu\/en\/impressum\/","og_locale":"en_US","og_type":"article","og_title":"Impressum","og_description":"Impressum Marktsoft Kft. Address:\u00a0D\u00e9lbuda Center, Feh\u00e9rv\u00e1ri Street 79. Building B, Budapest, H-1119\u200b Telefon:\u00a0+36-1-463-0700 Fax:\u00a0+36-1-463-0701 Registration number:\u00a001-09-901333 Ust.-IdNr.:\u00a0HU14379790","og_url":"https:\/\/marktsoft.hu\/en\/impressum\/","og_site_name":"Marktsoft","article_publisher":"https:\/\/www.facebook.com\/marktsoft","article_modified_time":"2019-03-28T09:32:17+00:00","twitter_card":"summary_large_image","schema":{"@context":"https:\/\/schema.org","@graph":[{"@type":"WebPage","@id":"https:\/\/marktsoft.hu\/en\/impressum\/","url":"https:\/\/marktsoft.hu\/en\/impressum\/","name":"Impressum - Marktsoft","isPartOf":{"@id":"https:\/\/marktsoft.hu\/#website"},"datePublished":"2019-03-28T09:30:55+00:00","dateModified":"2019-03-28T09:32:17+00:00","breadcrumb":{"@id":"https:\/\/marktsoft.hu\/en\/impressum\/#breadcrumb"},"inLanguage":"en-US","potentialAction":[{"@type":"ReadAction","target":["https:\/\/marktsoft.hu\/en\/impressum\/"]}]},{"@type":"BreadcrumbList","@id":"https:\/\/marktsoft.hu\/en\/impressum\/#breadcrumb","itemListElement":[{"@type":"ListItem","position":1,"name":"Kezd\u0151lap","item":"https:\/\/marktsoft.hu\/en\/"},{"@type":"ListItem","position":2,"name":"Impressum"}]},{"@type":"WebSite","@id":"https:\/\/marktsoft.hu\/#website","url":"https:\/\/marktsoft.hu\/","name":"Marktsoft","description":"Teljesk\u00f6r\u0171 szoftvermegold\u00e1sok a tervez\u00e9st\u0151l az \u00fczemeltet\u00e9sig","publisher":{"@id":"https:\/\/marktsoft.hu\/#organization"},"potentialAction":[{"@type":"SearchAction","target":{"@type":"EntryPoint","urlTemplate":"https:\/\/marktsoft.hu\/?s={search_term_string}"},"query-input":{"@type":"PropertyValueSpecification","valueRequired":true,"valueName":"search_term_string"}}],"inLanguage":"en-US"},{"@type":"Organization","@id":"https:\/\/marktsoft.hu\/#organization","name":"Marktsoft","url":"https:\/\/marktsoft.hu\/","logo":{"@type":"ImageObject","inLanguage":"en-US","@id":"https:\/\/marktsoft.hu\/#\/schema\/logo\/image\/","url":"https:\/\/marktsoft.hu\/wp-content\/uploads\/2022\/03\/cropped-marktsoft-logo-group-rgb-300.png","contentUrl":"https:\/\/marktsoft.hu\/wp-content\/uploads\/2022\/03\/cropped-marktsoft-logo-group-rgb-300.png","width":1013,"height":250,"caption":"Marktsoft"},"image":{"@id":"https:\/\/marktsoft.hu\/#\/schema\/logo\/image\/"},"sameAs":["https:\/\/www.facebook.com\/marktsoft","https:\/\/www.linkedin.com\/company\/12652419\/"]}]}},"_links":{"self":[{"href":"https:\/\/marktsoft.hu\/en\/wp-json\/wp\/v2\/pages\/715","targetHints":{"allow":["GET"]}}],"collection":[{"href":"https:\/\/marktsoft.hu\/en\/wp-json\/wp\/v2\/pages"}],"about":[{"href":"https:\/\/marktsoft.hu\/en\/wp-json\/wp\/v2\/types\/page"}],"author":[{"embeddable":true,"href":"https:\/\/marktsoft.hu\/en\/wp-json\/wp\/v2\/users\/2"}],"replies":[{"embeddable":true,"href":"https:\/\/marktsoft.hu\/en\/wp-json\/wp\/v2\/comments?post=715"}],"version-history":[{"count":2,"href":"https:\/\/marktsoft.hu\/en\/wp-json\/wp\/v2\/pages\/715\/revisions"}],"predecessor-version":[{"id":717,"href":"https:\/\/marktsoft.hu\/en\/wp-json\/wp\/v2\/pages\/715\/revisions\/717"}],"wp:attachment":[{"href":"https:\/\/marktsoft.hu\/en\/wp-json\/wp\/v2\/media?parent=715"}],"curies":[{"name":"wp","href":"https:\/\/api.w.org\/{rel}","templated":true}]}}