{"id":667,"date":"2019-03-22T16:18:48","date_gmt":"2019-03-22T16:18:48","guid":{"rendered":"http:\/\/marktsoft.hu\/?page_id=667"},"modified":"2019-03-22T16:38:45","modified_gmt":"2019-03-22T16:38:45","slug":"privacy-policy","status":"publish","type":"page","link":"https:\/\/marktsoft.hu\/en\/privacy-policy\/","title":{"rendered":"Privacy Policy"},"content":{"rendered":"\t\t<div data-elementor-type=\"wp-post\" data-elementor-id=\"667\" class=\"elementor elementor-667 elementor-591\" data-elementor-post-type=\"page\">\n\t\t\t\t\t\t<section class=\"elementor-section elementor-top-section elementor-element elementor-element-cef3a08 elementor-section-stretched elementor-section-boxed elementor-section-height-default elementor-section-height-default\" data-id=\"cef3a08\" data-element_type=\"section\" data-settings=\"{&quot;stretch_section&quot;:&quot;section-stretched&quot;,&quot;background_background&quot;:&quot;classic&quot;}\">\n\t\t\t\t\t\t\t<div class=\"elementor-background-overlay\"><\/div>\n\t\t\t\t\t\t\t<div class=\"elementor-container elementor-column-gap-default\">\n\t\t\t\t\t<div class=\"elementor-column elementor-col-100 elementor-top-column elementor-element elementor-element-8091316\" data-id=\"8091316\" data-element_type=\"column\">\n\t\t\t<div class=\"elementor-widget-wrap elementor-element-populated\">\n\t\t\t\t\t\t<div class=\"elementor-element elementor-element-9defdfa elementor-widget elementor-widget-heading\" data-id=\"9defdfa\" data-element_type=\"widget\" data-widget_type=\"heading.default\">\n\t\t\t\t<div class=\"elementor-widget-container\">\n\t\t\t\t\t<h2 class=\"elementor-heading-title elementor-size-default\">Adatv\u00e9delmi ir\u00e1nyelvek<\/h2>\t\t\t\t<\/div>\n\t\t\t\t<\/div>\n\t\t\t\t\t<\/div>\n\t\t<\/div>\n\t\t\t\t\t<\/div>\n\t\t<\/section>\n\t\t\t\t<section class=\"elementor-section elementor-top-section elementor-element elementor-element-351dd3b elementor-section-stretched elementor-section-boxed elementor-section-height-default elementor-section-height-default\" data-id=\"351dd3b\" data-element_type=\"section\" data-settings=\"{&quot;background_background&quot;:&quot;classic&quot;,&quot;stretch_section&quot;:&quot;section-stretched&quot;}\">\n\t\t\t\t\t\t<div class=\"elementor-container elementor-column-gap-default\">\n\t\t\t\t\t<div class=\"elementor-column elementor-col-100 elementor-top-column elementor-element elementor-element-d60fcd2\" data-id=\"d60fcd2\" data-element_type=\"column\">\n\t\t\t<div class=\"elementor-widget-wrap elementor-element-populated\">\n\t\t\t\t\t\t<div class=\"elementor-element elementor-element-bbcc5ab elementor-widget elementor-widget-text-editor\" data-id=\"bbcc5ab\" data-element_type=\"widget\" data-widget_type=\"text-editor.default\">\n\t\t\t\t<div class=\"elementor-widget-container\">\n\t\t\t\t\t\t\t\t\t<h2>Who are we<\/h2><p>The address of our website is http:\/\/marktsoft.hu.<\/p><h2>What are the personal data we collect and for what purpose we collect them<\/h2><h3>Posts<\/h3><p>When posting a comment, the IP address of the contributor and the browser ID string are collected to filter out the spam content in addition to the ones provided in the comment form.<\/p><p>An impersonated string generated from an email address (called hash) is forwarded to the Gravatar service when it is in use on the page. The terms of the Gravatar service can be found at https:\/\/automattic.com\/privacy\/. After accepting the post, the content of our post and profile picture will also be publicly displayed.<\/p><h3>Media<\/h3><p>If you upload a picture to a website by a registered user, you should avoid using EXIFs that include GPS position data. Visitors to this website can download and retrieve location information from the images on the website.<\/p><h3>Contact Forms<\/h3><h3>Cookies<\/h3><p>If you post a comment on your website, you can stay logged in by saving your name, email and web address in a cookie. Storage is for your convenience so that you do not have to fill these data fields at the next post. These cookies have an expiry date of 1 year.<\/p><p>If you have a user account and are logged in to this website, we will set up temporary cookies to determine if the browser accepts cookies. These cookies do not contain personal information and are deleted as we close the browser.<\/p><p>When you log in to the website, you create more cookies that will save your login information and display interface options. Sign-in cookies are valid for two days, a cookie that stores display options for the editing interface for one year. If the &#8220;Remember Me&#8221; option is checked, the login will continue for two weeks. When you sign out, the login cookies will be removed.<\/p><p>If you edit an entry or page, your browser will store another cookie. This cookie does not contain any personal data, but simply stores the ID number of the entry that we have edited. It will expire in a day.<\/p><h3>Embedded content from other websites<\/h3><p>Entries available on the website may use embedded content from external sources (such as videos, images, articles, etc.). Embedded content from an external source behaves exactly as if we had visited another website.<\/p><p>These sites may collect data from visitors, use cookies or third-party tracking code, monitor user behavior for embedded content, if we have a user account and are logged on to the site.<\/p><h3>Analytics<\/h3><h2>With whom we share user data<\/h2><h2>How long we keep personal information<\/h2><p>If we comment, the post and its metadata will remain in the system for an indefinite period of time. The purpose of this is to make all subsequent postings known and approved by us, that is, not to be added to the list of posts to be moderated.<\/p><p>The personal data of the users registered on the website (if any) are stored in their own user profile. Each user can view, edit or delete their personal information at any time (except that you cannot change your own username). Website administrators can also view and edit this information.<\/p><h2>What rights does the user have with his \/ her data<\/h2><p>When you write an account or post registered on the website, you may be asked to send personal data in an export file that contains any data previously provided by the user. You may also request that any personal data you have previously provided be deleted. This does not apply to data that is required to be kept for administrative, legal or security reasons.<\/p><h2>Where we send the data<\/h2><p>Comments posted by visitors can be checked by automatic spam filtering.<\/p><h2>Contact details<\/h2><h2>More information<\/h2><h3>How we protect your personal information<\/h3><h3>Valid procedures for data management breaches<\/h3><h3>What third-party data we receive<\/h3><h3>What automated decision-making and \/ or profiling is done with user data<\/h3><h3>Disclosure Requirements for Regulated Industry<\/h3>\t\t\t\t\t\t\t\t<\/div>\n\t\t\t\t<\/div>\n\t\t\t\t\t<\/div>\n\t\t<\/div>\n\t\t\t\t\t<\/div>\n\t\t<\/section>\n\t\t\t\t<\/div>\n\t\t","protected":false},"excerpt":{"rendered":"<p>Adatv\u00e9delmi ir\u00e1nyelvek Who are we The address of our website is http:\/\/marktsoft.hu. What are the personal data we collect and for what purpose we collect them Posts When posting a comment, the IP address of the contributor and the browser ID string are collected to filter out the spam content in addition to the ones &hellip; <\/p>\n<p class=\"link-more\"><a href=\"https:\/\/marktsoft.hu\/en\/privacy-policy\/\" class=\"more-link\">Continue reading<span class=\"screen-reader-text\"> &#8220;Privacy Policy&#8221;<\/span><\/a><\/p>\n","protected":false},"author":2,"featured_media":0,"parent":0,"menu_order":0,"comment_status":"closed","ping_status":"closed","template":"elementor_header_footer","meta":{"footnotes":""},"class_list":["post-667","page","type-page","status-publish","hentry"],"yoast_head":"<!-- This site is optimized with the Yoast SEO Premium plugin v25.3.1 (Yoast SEO v25.4) - https:\/\/yoast.com\/wordpress\/plugins\/seo\/ -->\n<title>Privacy Policy - Marktsoft<\/title>\n<meta name=\"robots\" content=\"index, follow, max-snippet:-1, max-image-preview:large, max-video-preview:-1\" \/>\n<link rel=\"canonical\" href=\"https:\/\/marktsoft.hu\/en\/privacy-policy\/\" \/>\n<meta property=\"og:locale\" content=\"en_US\" \/>\n<meta property=\"og:type\" content=\"article\" \/>\n<meta property=\"og:title\" content=\"Privacy Policy\" \/>\n<meta property=\"og:description\" content=\"Adatv\u00e9delmi ir\u00e1nyelvek Who are we The address of our website is http:\/\/marktsoft.hu. What are the personal data we collect and for what purpose we collect them Posts When posting a comment, the IP address of the contributor and the browser ID string are collected to filter out the spam content in addition to the ones &hellip; Continue reading &quot;Privacy Policy&quot;\" \/>\n<meta property=\"og:url\" content=\"https:\/\/marktsoft.hu\/en\/privacy-policy\/\" \/>\n<meta property=\"og:site_name\" content=\"Marktsoft\" \/>\n<meta property=\"article:publisher\" content=\"https:\/\/www.facebook.com\/marktsoft\" \/>\n<meta property=\"article:modified_time\" content=\"2019-03-22T16:38:45+00:00\" \/>\n<meta name=\"twitter:card\" content=\"summary_large_image\" \/>\n<meta name=\"twitter:label1\" content=\"Est. reading time\" \/>\n\t<meta name=\"twitter:data1\" content=\"3 minutes\" \/>\n<script type=\"application\/ld+json\" class=\"yoast-schema-graph\">{\"@context\":\"https:\/\/schema.org\",\"@graph\":[{\"@type\":\"WebPage\",\"@id\":\"https:\/\/marktsoft.hu\/en\/privacy-policy\/\",\"url\":\"https:\/\/marktsoft.hu\/en\/privacy-policy\/\",\"name\":\"Privacy Policy - Marktsoft\",\"isPartOf\":{\"@id\":\"https:\/\/marktsoft.hu\/#website\"},\"datePublished\":\"2019-03-22T16:18:48+00:00\",\"dateModified\":\"2019-03-22T16:38:45+00:00\",\"breadcrumb\":{\"@id\":\"https:\/\/marktsoft.hu\/en\/privacy-policy\/#breadcrumb\"},\"inLanguage\":\"en-US\",\"potentialAction\":[{\"@type\":\"ReadAction\",\"target\":[\"https:\/\/marktsoft.hu\/en\/privacy-policy\/\"]}]},{\"@type\":\"BreadcrumbList\",\"@id\":\"https:\/\/marktsoft.hu\/en\/privacy-policy\/#breadcrumb\",\"itemListElement\":[{\"@type\":\"ListItem\",\"position\":1,\"name\":\"Kezd\u0151lap\",\"item\":\"https:\/\/marktsoft.hu\/en\/\"},{\"@type\":\"ListItem\",\"position\":2,\"name\":\"Privacy Policy\"}]},{\"@type\":\"WebSite\",\"@id\":\"https:\/\/marktsoft.hu\/#website\",\"url\":\"https:\/\/marktsoft.hu\/\",\"name\":\"Marktsoft\",\"description\":\"Teljesk\u00f6r\u0171 szoftvermegold\u00e1sok a tervez\u00e9st\u0151l az \u00fczemeltet\u00e9sig\",\"publisher\":{\"@id\":\"https:\/\/marktsoft.hu\/#organization\"},\"potentialAction\":[{\"@type\":\"SearchAction\",\"target\":{\"@type\":\"EntryPoint\",\"urlTemplate\":\"https:\/\/marktsoft.hu\/?s={search_term_string}\"},\"query-input\":{\"@type\":\"PropertyValueSpecification\",\"valueRequired\":true,\"valueName\":\"search_term_string\"}}],\"inLanguage\":\"en-US\"},{\"@type\":\"Organization\",\"@id\":\"https:\/\/marktsoft.hu\/#organization\",\"name\":\"Marktsoft\",\"url\":\"https:\/\/marktsoft.hu\/\",\"logo\":{\"@type\":\"ImageObject\",\"inLanguage\":\"en-US\",\"@id\":\"https:\/\/marktsoft.hu\/#\/schema\/logo\/image\/\",\"url\":\"https:\/\/marktsoft.hu\/wp-content\/uploads\/2022\/03\/cropped-marktsoft-logo-group-rgb-300.png\",\"contentUrl\":\"https:\/\/marktsoft.hu\/wp-content\/uploads\/2022\/03\/cropped-marktsoft-logo-group-rgb-300.png\",\"width\":1013,\"height\":250,\"caption\":\"Marktsoft\"},\"image\":{\"@id\":\"https:\/\/marktsoft.hu\/#\/schema\/logo\/image\/\"},\"sameAs\":[\"https:\/\/www.facebook.com\/marktsoft\",\"https:\/\/www.linkedin.com\/company\/12652419\/\"]}]}<\/script>\n<!-- \/ Yoast SEO Premium plugin. -->","yoast_head_json":{"title":"Privacy Policy - Marktsoft","robots":{"index":"index","follow":"follow","max-snippet":"max-snippet:-1","max-image-preview":"max-image-preview:large","max-video-preview":"max-video-preview:-1"},"canonical":"https:\/\/marktsoft.hu\/en\/privacy-policy\/","og_locale":"en_US","og_type":"article","og_title":"Privacy Policy","og_description":"Adatv\u00e9delmi ir\u00e1nyelvek Who are we The address of our website is http:\/\/marktsoft.hu. What are the personal data we collect and for what purpose we collect them Posts When posting a comment, the IP address of the contributor and the browser ID string are collected to filter out the spam content in addition to the ones &hellip; Continue reading \"Privacy Policy\"","og_url":"https:\/\/marktsoft.hu\/en\/privacy-policy\/","og_site_name":"Marktsoft","article_publisher":"https:\/\/www.facebook.com\/marktsoft","article_modified_time":"2019-03-22T16:38:45+00:00","twitter_card":"summary_large_image","twitter_misc":{"Est. reading time":"3 minutes"},"schema":{"@context":"https:\/\/schema.org","@graph":[{"@type":"WebPage","@id":"https:\/\/marktsoft.hu\/en\/privacy-policy\/","url":"https:\/\/marktsoft.hu\/en\/privacy-policy\/","name":"Privacy Policy - Marktsoft","isPartOf":{"@id":"https:\/\/marktsoft.hu\/#website"},"datePublished":"2019-03-22T16:18:48+00:00","dateModified":"2019-03-22T16:38:45+00:00","breadcrumb":{"@id":"https:\/\/marktsoft.hu\/en\/privacy-policy\/#breadcrumb"},"inLanguage":"en-US","potentialAction":[{"@type":"ReadAction","target":["https:\/\/marktsoft.hu\/en\/privacy-policy\/"]}]},{"@type":"BreadcrumbList","@id":"https:\/\/marktsoft.hu\/en\/privacy-policy\/#breadcrumb","itemListElement":[{"@type":"ListItem","position":1,"name":"Kezd\u0151lap","item":"https:\/\/marktsoft.hu\/en\/"},{"@type":"ListItem","position":2,"name":"Privacy Policy"}]},{"@type":"WebSite","@id":"https:\/\/marktsoft.hu\/#website","url":"https:\/\/marktsoft.hu\/","name":"Marktsoft","description":"Teljesk\u00f6r\u0171 szoftvermegold\u00e1sok a tervez\u00e9st\u0151l az \u00fczemeltet\u00e9sig","publisher":{"@id":"https:\/\/marktsoft.hu\/#organization"},"potentialAction":[{"@type":"SearchAction","target":{"@type":"EntryPoint","urlTemplate":"https:\/\/marktsoft.hu\/?s={search_term_string}"},"query-input":{"@type":"PropertyValueSpecification","valueRequired":true,"valueName":"search_term_string"}}],"inLanguage":"en-US"},{"@type":"Organization","@id":"https:\/\/marktsoft.hu\/#organization","name":"Marktsoft","url":"https:\/\/marktsoft.hu\/","logo":{"@type":"ImageObject","inLanguage":"en-US","@id":"https:\/\/marktsoft.hu\/#\/schema\/logo\/image\/","url":"https:\/\/marktsoft.hu\/wp-content\/uploads\/2022\/03\/cropped-marktsoft-logo-group-rgb-300.png","contentUrl":"https:\/\/marktsoft.hu\/wp-content\/uploads\/2022\/03\/cropped-marktsoft-logo-group-rgb-300.png","width":1013,"height":250,"caption":"Marktsoft"},"image":{"@id":"https:\/\/marktsoft.hu\/#\/schema\/logo\/image\/"},"sameAs":["https:\/\/www.facebook.com\/marktsoft","https:\/\/www.linkedin.com\/company\/12652419\/"]}]}},"_links":{"self":[{"href":"https:\/\/marktsoft.hu\/en\/wp-json\/wp\/v2\/pages\/667","targetHints":{"allow":["GET"]}}],"collection":[{"href":"https:\/\/marktsoft.hu\/en\/wp-json\/wp\/v2\/pages"}],"about":[{"href":"https:\/\/marktsoft.hu\/en\/wp-json\/wp\/v2\/types\/page"}],"author":[{"embeddable":true,"href":"https:\/\/marktsoft.hu\/en\/wp-json\/wp\/v2\/users\/2"}],"replies":[{"embeddable":true,"href":"https:\/\/marktsoft.hu\/en\/wp-json\/wp\/v2\/comments?post=667"}],"version-history":[{"count":3,"href":"https:\/\/marktsoft.hu\/en\/wp-json\/wp\/v2\/pages\/667\/revisions"}],"predecessor-version":[{"id":670,"href":"https:\/\/marktsoft.hu\/en\/wp-json\/wp\/v2\/pages\/667\/revisions\/670"}],"wp:attachment":[{"href":"https:\/\/marktsoft.hu\/en\/wp-json\/wp\/v2\/media?parent=667"}],"curies":[{"name":"wp","href":"https:\/\/api.w.org\/{rel}","templated":true}]}}