{"id":613,"date":"2019-02-18T10:44:31","date_gmt":"2019-02-18T10:44:31","guid":{"rendered":"http:\/\/marktsoft.hu\/?page_id=613"},"modified":"2025-05-13T09:03:58","modified_gmt":"2025-05-13T09:03:58","slug":"impressum","status":"publish","type":"page","link":"https:\/\/marktsoft.hu\/de\/impressum\/","title":{"rendered":"Impressum"},"content":{"rendered":"\t\t<div data-elementor-type=\"wp-post\" data-elementor-id=\"613\" class=\"elementor elementor-613 elementor-608\" data-elementor-post-type=\"page\">\n\t\t\t\t\t\t<section class=\"elementor-section elementor-top-section elementor-element elementor-element-0682102 elementor-section-stretched elementor-section-boxed elementor-section-height-default elementor-section-height-default\" data-id=\"0682102\" data-element_type=\"section\" data-settings=\"{&quot;stretch_section&quot;:&quot;section-stretched&quot;,&quot;background_background&quot;:&quot;classic&quot;}\">\n\t\t\t\t\t\t\t<div class=\"elementor-background-overlay\"><\/div>\n\t\t\t\t\t\t\t<div class=\"elementor-container elementor-column-gap-default\">\n\t\t\t\t\t<div class=\"elementor-column elementor-col-100 elementor-top-column elementor-element elementor-element-3425bb9\" data-id=\"3425bb9\" data-element_type=\"column\">\n\t\t\t<div class=\"elementor-widget-wrap elementor-element-populated\">\n\t\t\t\t\t\t<div class=\"elementor-element elementor-element-66a24e6 elementor-widget elementor-widget-heading\" data-id=\"66a24e6\" data-element_type=\"widget\" data-widget_type=\"heading.default\">\n\t\t\t\t<div class=\"elementor-widget-container\">\n\t\t\t\t\t<h2 class=\"elementor-heading-title elementor-size-default\">Impresszum<\/h2>\t\t\t\t<\/div>\n\t\t\t\t<\/div>\n\t\t\t\t\t<\/div>\n\t\t<\/div>\n\t\t\t\t\t<\/div>\n\t\t<\/section>\n\t\t\t\t<section class=\"elementor-section elementor-top-section elementor-element elementor-element-1f1e419 elementor-section-stretched elementor-section-boxed elementor-section-height-default elementor-section-height-default\" data-id=\"1f1e419\" data-element_type=\"section\" data-settings=\"{&quot;background_background&quot;:&quot;classic&quot;,&quot;stretch_section&quot;:&quot;section-stretched&quot;}\">\n\t\t\t\t\t\t<div class=\"elementor-container elementor-column-gap-default\">\n\t\t\t\t\t<div class=\"elementor-column elementor-col-100 elementor-top-column elementor-element elementor-element-30aaf38\" data-id=\"30aaf38\" data-element_type=\"column\">\n\t\t\t<div class=\"elementor-widget-wrap elementor-element-populated\">\n\t\t\t\t\t\t<div class=\"elementor-element elementor-element-de58f9e elementor-widget elementor-widget-text-editor\" data-id=\"de58f9e\" data-element_type=\"widget\" data-widget_type=\"text-editor.default\">\n\t\t\t\t<div class=\"elementor-widget-container\">\n\t\t\t\t\t\t\t\t\t<h2>Marktsoft Kft.<\/h2><p><b>Hauptsitz:<\/b> H-1119 Budapest, Feh\u00e9rv\u00e1ri Stra\u00dfe 79.<\/p><p><b>Telefon:<\/b>\u00a0+36-1-463-0700<\/p><p><b>Fax:<\/b>\u00a0+36-1-463-0701<\/p><p><b>Registrationnummer:<\/b>\u00a001-09-901333<\/p><p><b>Ust.-IdNr.:<\/b>\u00a0HU14379790<\/p>\t\t\t\t\t\t\t\t<\/div>\n\t\t\t\t<\/div>\n\t\t\t\t\t<\/div>\n\t\t<\/div>\n\t\t\t\t\t<\/div>\n\t\t<\/section>\n\t\t\t\t<\/div>\n\t\t","protected":false},"excerpt":{"rendered":"<p>Impresszum Marktsoft Kft. Hauptsitz: H-1119 Budapest, Feh\u00e9rv\u00e1ri Stra\u00dfe 79. Telefon:\u00a0+36-1-463-0700 Fax:\u00a0+36-1-463-0701 Registrationnummer:\u00a001-09-901333 Ust.-IdNr.:\u00a0HU14379790<\/p>\n","protected":false},"author":2,"featured_media":0,"parent":0,"menu_order":0,"comment_status":"closed","ping_status":"closed","template":"elementor_header_footer","meta":{"footnotes":""},"class_list":["post-613","page","type-page","status-publish","hentry"],"yoast_head":"<!-- This site is optimized with the Yoast SEO Premium plugin v25.3.1 (Yoast SEO v25.4) - https:\/\/yoast.com\/wordpress\/plugins\/seo\/ -->\n<title>Impressum - Marktsoft<\/title>\n<meta name=\"robots\" content=\"index, follow, max-snippet:-1, max-image-preview:large, max-video-preview:-1\" \/>\n<link rel=\"canonical\" href=\"https:\/\/marktsoft.hu\/impresszum\/\" \/>\n<meta property=\"og:locale\" content=\"de_DE\" \/>\n<meta property=\"og:type\" content=\"article\" \/>\n<meta property=\"og:title\" content=\"Impressum\" \/>\n<meta property=\"og:description\" content=\"Impresszum Marktsoft Kft. Hauptsitz: H-1119 Budapest, Feh\u00e9rv\u00e1ri Stra\u00dfe 79. Telefon:\u00a0+36-1-463-0700 Fax:\u00a0+36-1-463-0701 Registrationnummer:\u00a001-09-901333 Ust.-IdNr.:\u00a0HU14379790\" \/>\n<meta property=\"og:url\" content=\"https:\/\/marktsoft.hu\/impresszum\/\" \/>\n<meta property=\"og:site_name\" content=\"Marktsoft\" \/>\n<meta property=\"article:publisher\" content=\"https:\/\/www.facebook.com\/marktsoft\" \/>\n<meta property=\"article:modified_time\" content=\"2025-05-13T09:03:58+00:00\" \/>\n<meta name=\"twitter:card\" content=\"summary_large_image\" \/>\n<meta name=\"twitter:label1\" content=\"Gesch\u00e4tzte Lesezeit\" \/>\n\t<meta name=\"twitter:data1\" content=\"1\u00a0Minute\" \/>\n<script type=\"application\/ld+json\" class=\"yoast-schema-graph\">{\"@context\":\"https:\/\/schema.org\",\"@graph\":[{\"@type\":\"WebPage\",\"@id\":\"https:\/\/marktsoft.hu\/impresszum\/\",\"url\":\"https:\/\/marktsoft.hu\/impresszum\/\",\"name\":\"Impressum - Marktsoft\",\"isPartOf\":{\"@id\":\"https:\/\/marktsoft.hu\/#website\"},\"datePublished\":\"2019-02-18T10:44:31+00:00\",\"dateModified\":\"2025-05-13T09:03:58+00:00\",\"breadcrumb\":{\"@id\":\"https:\/\/marktsoft.hu\/impresszum\/#breadcrumb\"},\"inLanguage\":\"de\",\"potentialAction\":[{\"@type\":\"ReadAction\",\"target\":[\"https:\/\/marktsoft.hu\/impresszum\/\"]}]},{\"@type\":\"BreadcrumbList\",\"@id\":\"https:\/\/marktsoft.hu\/impresszum\/#breadcrumb\",\"itemListElement\":[{\"@type\":\"ListItem\",\"position\":1,\"name\":\"Kezd\u0151lap\",\"item\":\"https:\/\/marktsoft.hu\/\"},{\"@type\":\"ListItem\",\"position\":2,\"name\":\"Impressum\"}]},{\"@type\":\"WebSite\",\"@id\":\"https:\/\/marktsoft.hu\/#website\",\"url\":\"https:\/\/marktsoft.hu\/\",\"name\":\"Marktsoft\",\"description\":\"Teljesk\u00f6r\u0171 szoftvermegold\u00e1sok a tervez\u00e9st\u0151l az \u00fczemeltet\u00e9sig\",\"publisher\":{\"@id\":\"https:\/\/marktsoft.hu\/#organization\"},\"potentialAction\":[{\"@type\":\"SearchAction\",\"target\":{\"@type\":\"EntryPoint\",\"urlTemplate\":\"https:\/\/marktsoft.hu\/?s={search_term_string}\"},\"query-input\":{\"@type\":\"PropertyValueSpecification\",\"valueRequired\":true,\"valueName\":\"search_term_string\"}}],\"inLanguage\":\"de\"},{\"@type\":\"Organization\",\"@id\":\"https:\/\/marktsoft.hu\/#organization\",\"name\":\"Marktsoft\",\"url\":\"https:\/\/marktsoft.hu\/\",\"logo\":{\"@type\":\"ImageObject\",\"inLanguage\":\"de\",\"@id\":\"https:\/\/marktsoft.hu\/#\/schema\/logo\/image\/\",\"url\":\"https:\/\/marktsoft.hu\/wp-content\/uploads\/2022\/03\/cropped-marktsoft-logo-group-rgb-300.png\",\"contentUrl\":\"https:\/\/marktsoft.hu\/wp-content\/uploads\/2022\/03\/cropped-marktsoft-logo-group-rgb-300.png\",\"width\":1013,\"height\":250,\"caption\":\"Marktsoft\"},\"image\":{\"@id\":\"https:\/\/marktsoft.hu\/#\/schema\/logo\/image\/\"},\"sameAs\":[\"https:\/\/www.facebook.com\/marktsoft\",\"https:\/\/www.linkedin.com\/company\/12652419\/\"]}]}<\/script>\n<!-- \/ Yoast SEO Premium plugin. -->","yoast_head_json":{"title":"Impressum - Marktsoft","robots":{"index":"index","follow":"follow","max-snippet":"max-snippet:-1","max-image-preview":"max-image-preview:large","max-video-preview":"max-video-preview:-1"},"canonical":"https:\/\/marktsoft.hu\/impresszum\/","og_locale":"de_DE","og_type":"article","og_title":"Impressum","og_description":"Impresszum Marktsoft Kft. Hauptsitz: H-1119 Budapest, Feh\u00e9rv\u00e1ri Stra\u00dfe 79. Telefon:\u00a0+36-1-463-0700 Fax:\u00a0+36-1-463-0701 Registrationnummer:\u00a001-09-901333 Ust.-IdNr.:\u00a0HU14379790","og_url":"https:\/\/marktsoft.hu\/impresszum\/","og_site_name":"Marktsoft","article_publisher":"https:\/\/www.facebook.com\/marktsoft","article_modified_time":"2025-05-13T09:03:58+00:00","twitter_card":"summary_large_image","twitter_misc":{"Gesch\u00e4tzte Lesezeit":"1\u00a0Minute"},"schema":{"@context":"https:\/\/schema.org","@graph":[{"@type":"WebPage","@id":"https:\/\/marktsoft.hu\/impresszum\/","url":"https:\/\/marktsoft.hu\/impresszum\/","name":"Impressum - Marktsoft","isPartOf":{"@id":"https:\/\/marktsoft.hu\/#website"},"datePublished":"2019-02-18T10:44:31+00:00","dateModified":"2025-05-13T09:03:58+00:00","breadcrumb":{"@id":"https:\/\/marktsoft.hu\/impresszum\/#breadcrumb"},"inLanguage":"de","potentialAction":[{"@type":"ReadAction","target":["https:\/\/marktsoft.hu\/impresszum\/"]}]},{"@type":"BreadcrumbList","@id":"https:\/\/marktsoft.hu\/impresszum\/#breadcrumb","itemListElement":[{"@type":"ListItem","position":1,"name":"Kezd\u0151lap","item":"https:\/\/marktsoft.hu\/"},{"@type":"ListItem","position":2,"name":"Impressum"}]},{"@type":"WebSite","@id":"https:\/\/marktsoft.hu\/#website","url":"https:\/\/marktsoft.hu\/","name":"Marktsoft","description":"Teljesk\u00f6r\u0171 szoftvermegold\u00e1sok a tervez\u00e9st\u0151l az \u00fczemeltet\u00e9sig","publisher":{"@id":"https:\/\/marktsoft.hu\/#organization"},"potentialAction":[{"@type":"SearchAction","target":{"@type":"EntryPoint","urlTemplate":"https:\/\/marktsoft.hu\/?s={search_term_string}"},"query-input":{"@type":"PropertyValueSpecification","valueRequired":true,"valueName":"search_term_string"}}],"inLanguage":"de"},{"@type":"Organization","@id":"https:\/\/marktsoft.hu\/#organization","name":"Marktsoft","url":"https:\/\/marktsoft.hu\/","logo":{"@type":"ImageObject","inLanguage":"de","@id":"https:\/\/marktsoft.hu\/#\/schema\/logo\/image\/","url":"https:\/\/marktsoft.hu\/wp-content\/uploads\/2022\/03\/cropped-marktsoft-logo-group-rgb-300.png","contentUrl":"https:\/\/marktsoft.hu\/wp-content\/uploads\/2022\/03\/cropped-marktsoft-logo-group-rgb-300.png","width":1013,"height":250,"caption":"Marktsoft"},"image":{"@id":"https:\/\/marktsoft.hu\/#\/schema\/logo\/image\/"},"sameAs":["https:\/\/www.facebook.com\/marktsoft","https:\/\/www.linkedin.com\/company\/12652419\/"]}]}},"_links":{"self":[{"href":"https:\/\/marktsoft.hu\/de\/wp-json\/wp\/v2\/pages\/613","targetHints":{"allow":["GET"]}}],"collection":[{"href":"https:\/\/marktsoft.hu\/de\/wp-json\/wp\/v2\/pages"}],"about":[{"href":"https:\/\/marktsoft.hu\/de\/wp-json\/wp\/v2\/types\/page"}],"author":[{"embeddable":true,"href":"https:\/\/marktsoft.hu\/de\/wp-json\/wp\/v2\/users\/2"}],"replies":[{"embeddable":true,"href":"https:\/\/marktsoft.hu\/de\/wp-json\/wp\/v2\/comments?post=613"}],"version-history":[{"count":6,"href":"https:\/\/marktsoft.hu\/de\/wp-json\/wp\/v2\/pages\/613\/revisions"}],"predecessor-version":[{"id":2656,"href":"https:\/\/marktsoft.hu\/de\/wp-json\/wp\/v2\/pages\/613\/revisions\/2656"}],"wp:attachment":[{"href":"https:\/\/marktsoft.hu\/de\/wp-json\/wp\/v2\/media?parent=613"}],"curies":[{"name":"wp","href":"https:\/\/api.w.org\/{rel}","templated":true}]}}